{"id":666,"date":"2020-02-27T11:38:59","date_gmt":"2020-02-27T10:38:59","guid":{"rendered":"http:\/\/sn-metallbeton.com\/?page_id=666"},"modified":"2020-03-22T19:45:29","modified_gmt":"2020-03-22T18:45:29","slug":"uberuns","status":"publish","type":"page","link":"http:\/\/sn-metallbeton.com\/index.php\/uberuns\/","title":{"rendered":"Uber uns"},"content":{"rendered":"<p>[et_pb_section fb_built=&#8221;1&#8243; _builder_version=&#8221;4.3.1&#8243;][et_pb_row column_structure=&#8221;1_2,1_2&#8243; module_id=&#8221;onas&#8221; _builder_version=&#8221;4.3.1&#8243;][et_pb_column type=&#8221;1_2&#8243; _builder_version=&#8221;4.3.1&#8243;][et_pb_image src=&#8221;http:\/\/sn-metallbeton.com\/wp-content\/uploads\/2020\/02\/15-768&#215;1024.jpg&#8221; _builder_version=&#8221;4.3.1&#8243;][\/et_pb_image][\/et_pb_column][et_pb_column type=&#8221;1_2&#8243; _builder_version=&#8221;4.3.1&#8243;][et_pb_text _builder_version=&#8221;4.3.1&#8243;]<\/p>\n<div class=\"dmRespRow\" id=\"1781815351\">\n<div class=\"dmRespColsWrapper\" id=\"1287321468\">\n<div class=\"dmRespCol small-12 medium-12 large-12\" id=\"1410422974\">\n<h1 class=\"dmNewParagraph\" data-element-type=\"paragraph\" id=\"1902691307\">Wir \u00fcber uns&#8230;<\/h1>\n<\/div>\n<\/div>\n<\/div>\n<div class=\"dmRespRow\" id=\"1906016170\">\n<div class=\"dmRespColsWrapper\" id=\"1060011780\">\n<div class=\"u_1557815844 dmRespCol small-12 large-6 medium-6\" id=\"1557815844\">\n<div class=\"dmNewParagraph\" data-dmtmpl=\"true\" id=\"1062542608\" data-uialign=\"center\">SN-Betonzaun ist eine Familienfirma, die auf dem metallurgischen Markt seit 2000 besteht. Sie entstand in einem kleinen Grenzort Witnica (100km von Frankfurt (Oder). Angefangen mit Herstellung von einfachen Metallz\u00e4unen kamen wir zum Moment der Herstellung von modernen Zaunsystemen. Unsere 15-j\u00e4hrige Erfahrung in der Branche er\u00f6ffnete Perspektiven zur Verbindung von Zaunsystemen verschiedener Art wie z.B. mit Betonz\u00e4une. Ein Effekt ist Erhaltung der Eleganz von Schmuckz\u00e4unen in Zusammenstellung mit Massivit\u00e4t von Betonz\u00e4unen<\/div>\n<div class=\"dmNewParagraph\" data-dmtmpl=\"true\" data-uialign=\"center\">&#8230;<\/div>\n<div class=\"dmNewParagraph\" data-dmtmpl=\"true\" data-uialign=\"center\"><\/div>\n<div class=\"dmNewParagraph\" data-dmtmpl=\"true\" data-uialign=\"center\"><\/div>\n<div class=\"dmNewParagraph\" data-dmtmpl=\"true\" data-uialign=\"center\"><\/div>\n<div class=\"dmNewParagraph\" data-dmtmpl=\"true\" data-uialign=\"center\"><\/div>\n<div class=\"dmNewParagraph\" data-dmtmpl=\"true\" data-uialign=\"center\"><\/div>\n<\/div>\n<\/div>\n<\/div>\n<p>[\/et_pb_text][et_pb_gallery gallery_ids=&#8221;331,304,333,336&#8243; show_title_and_caption=&#8221;off&#8221; show_pagination=&#8221;off&#8221; _builder_version=&#8221;4.3.4&#8243; hover_enabled=&#8221;0&#8243;][\/et_pb_gallery][\/et_pb_column][\/et_pb_row][\/et_pb_section][et_pb_section fb_built=&#8221;1&#8243; _builder_version=&#8221;4.3.1&#8243;][et_pb_row column_structure=&#8221;1_4,1_4,1_4,1_4&#8243; _builder_version=&#8221;4.3.1&#8243;][et_pb_column type=&#8221;1_4&#8243; _builder_version=&#8221;4.3.1&#8243;][et_pb_text _builder_version=&#8221;4.3.1&#8243;]<\/p>\n<p style=\"text-align: center;\"><strong>MUSTERVIELFALT<\/strong><\/p>\n<p style=\"text-align: center;\"> Wir besitzen Muster sowohl von Schmiedenez\u00e4une als auch von Betonz\u00e4une. Wir bem\u00fchen uns Ihnen so schnell wie m\u00f6glich ein interessantestes Design zu liefern, indem wir auf Trendwechsel reagieren. Auftr\u00e4ge werden auf Grundlage von unseren oder Ihren Ideen ausgef\u00fchrt.<br \/> Wir laden Sie zum Reiter: Galerie ein!  <\/p>\n<p>[\/et_pb_text][\/et_pb_column][et_pb_column type=&#8221;1_4&#8243; _builder_version=&#8221;4.3.1&#8243;][et_pb_text _builder_version=&#8221;4.3.1&#8243;]<\/p>\n<p style=\"text-align: center;\"><strong>AUSF\u00dcHRUNGSSCHNELLIGKEIT<\/strong><\/p>\n<p style=\"text-align: center;\"> Unsere Auftr\u00e4ge werden innerhalb von 1 bis 8 Wochen realisiert &#8211; abh\u00e4ngig von Spezifik der Bestellung (Metall- oder Betonzaun). Auftragsfristen sch\u00e4tzen wir individuell ein, vor Ort, nach genauer Erkennung des Ortes sowie nach Besprechung des Auftrages.<\/p>\n<p>[\/et_pb_text][\/et_pb_column][et_pb_column type=&#8221;1_4&#8243; _builder_version=&#8221;4.3.1&#8243;][et_pb_text _builder_version=&#8221;4.3.1&#8243;]<\/p>\n<p style=\"text-align: center;\"><strong>VOLLE UNTERST\u00dcTZUNG<\/strong>\u00a0<\/p>\n<p style=\"text-align: center;\"> Unsere Firma garantiert volle Unterst\u00fctzung im Rahmen der Beratung w\u00e4hrend der Abgabe der Bestellung sowie w\u00e4hrend der Arbeit. Wir sch\u00e4tzen uns einen guten Kontakt mit Kunden, deshalb sind wir immer telefonisch oder per E-Mail erreichbar. Unsere Mitarbeiter bedienen sowohl deutsch- als auch englischsprachige Kunden.<br \/> \u00a0Solide Mitarbeiter<br \/> Dank der Erfahrung, die wir jahrelang sammelten, \u00fcbernehmen wir auch Ausf\u00fchrung von komplizierten Konstruktionen. Die Erfahrung hilft uns auch beim Suggerieren von n\u00fctzlichen Montagel\u00f6sungen f\u00fcr unsere Kunden. <\/p>\n<p>[\/et_pb_text][\/et_pb_column][et_pb_column type=&#8221;1_4&#8243; _builder_version=&#8221;4.3.1&#8243;][et_pb_text _builder_version=&#8221;4.3.1&#8243;]<\/p>\n<p style=\"text-align: center;\"><strong>MONTAGE UND SERVICE<\/strong><\/p>\n<p style=\"text-align: center;\"> Aufgrund der Spezifik von Beton- und Metallprodukten sowie derer Gewichtes \u2013 aus Sorge um unsere Kunden erbringen wir professionelle Lieferungsdienstleistungen sowie Montage von Metall- und Betonz\u00e4unen. Die Auftr\u00e4ge werden von 2 bis 8 Wochen ausgef\u00fchrt.<\/p>\n<p style=\"text-align: center;\">[\/et_pb_text][\/et_pb_column][\/et_pb_row][\/et_pb_section][et_pb_section fb_built=&#8221;1&#8243; admin_label=&#8221;Contact Banner&#8221; _builder_version=&#8221;4.3.1&#8243; background_color=&#8221;#b6c938&#8243; custom_padding=&#8221;20px|0px|20px|0px|true|false&#8221; animation_style=&#8221;slide&#8221; animation_direction=&#8221;bottom&#8221;][et_pb_row column_structure=&#8221;1_2,1_2&#8243; _builder_version=&#8221;3.25&#8243; custom_padding=&#8221;|0px||||&#8221;][et_pb_column type=&#8221;1_2&#8243; _builder_version=&#8221;3.25&#8243; custom_padding=&#8221;|||&#8221; custom_padding__hover=&#8221;|||&#8221;][et_pb_text _builder_version=&#8221;4.3.1&#8243; text_font=&#8221;||||||||&#8221; text_text_color=&#8221;#000000&#8243; quote_font=&#8221;||||||||&#8221; header_font=&#8221;||||||||&#8221; header_2_font=&#8221;|800|||||||&#8221; header_2_font_size=&#8221;24px&#8221; header_2_line_height=&#8221;1.8em&#8221; header_3_font=&#8221;||||||||&#8221; header_4_font=&#8221;|800||on|||||&#8221; header_4_font_size=&#8221;16px&#8221; header_4_letter_spacing=&#8221;0.5px&#8221; header_4_line_height=&#8221;1.7em&#8221; background_layout=&#8221;dark&#8221; custom_padding=&#8221;|||&#8221; header_2_font_size_tablet=&#8221;&#8221; header_2_font_size_phone=&#8221;18px&#8221; header_2_font_size_last_edited=&#8221;on|phone&#8221; locked=&#8221;off&#8221;]<\/p>\n<h4><span style=\"color: #0a0a0a;\">SCHREIBEN SIE UNS<\/span><\/h4>\n<h2><span style=\"color: #0a0a0a;\">UNSER KUNDE KANN IMMER AUF KOSTENLOSES ANGEBOT Z\u00c4HLEN<\/span><\/h2>\n<p>&nbsp;<\/p>\n<p>[\/et_pb_text][\/et_pb_column][et_pb_column type=&#8221;1_2&#8243; _builder_version=&#8221;3.25&#8243; custom_padding=&#8221;|||&#8221; custom_padding__hover=&#8221;|||&#8221;][et_pb_text _builder_version=&#8221;3.27.4&#8243; text_font=&#8221;||||||||&#8221; quote_font=&#8221;||||||||&#8221; header_font=&#8221;||||||||&#8221; header_2_font=&#8221;|800||on|||||&#8221; header_2_font_size=&#8221;44px&#8221; header_2_letter_spacing=&#8221;1px&#8221; header_2_line_height=&#8221;1.8em&#8221; header_3_font=&#8221;||||||||&#8221; header_4_font=&#8221;|800||on|||||&#8221; header_4_font_size=&#8221;16px&#8221; header_4_letter_spacing=&#8221;0.5px&#8221; header_4_line_height=&#8221;1.7em&#8221; text_orientation=&#8221;right&#8221; background_layout=&#8221;dark&#8221; custom_margin=&#8221;||-29px|||&#8221; custom_padding=&#8221;|||&#8221; header_2_font_size_tablet=&#8221;&#8221; header_2_font_size_phone=&#8221;18px&#8221; header_2_font_size_last_edited=&#8221;on|phone&#8221; locked=&#8221;off&#8221;]<\/p>\n<h4><span style=\"color: #0a0a0a;\">RUFEN SIE UNS AN<\/span><\/h4>\n<h2><span style=\"color: #116819;\">+017 268 290 75<\/span><\/h2>\n<p>[\/et_pb_text][\/et_pb_column][\/et_pb_row][\/et_pb_section][et_pb_section fb_built=&#8221;1&#8243; admin_label=&#8221;Testimonials&#8221; _builder_version=&#8221;3.22&#8243;][et_pb_row _builder_version=&#8221;3.25&#8243;][et_pb_column type=&#8221;4_4&#8243; _builder_version=&#8221;3.25&#8243; custom_padding=&#8221;|||&#8221; custom_padding__hover=&#8221;|||&#8221;][et_pb_text _builder_version=&#8221;4.3.1&#8243; text_font=&#8221;Open Sans|800|||||||&#8221; text_text_color=&#8221;#b8c619&#8243; text_font_size=&#8221;150px&#8221; text_line_height=&#8221;0.5em&#8221; text_orientation=&#8221;center&#8221; custom_margin=&#8221;0.1em||0px|&#8221;]&#8221;<br \/>\n[\/et_pb_text][et_pb_slider arrows_custom_color=&#8221;#000000&#8243; dot_nav_custom_color=&#8221;#000000&#8243; _builder_version=&#8221;4.3.1&#8243; header_font=&#8221;|800|||||||&#8221; header_line_height=&#8221;1.4em&#8221; body_font=&#8221;||||||||&#8221; body_font_size=&#8221;24px&#8221; body_line_height=&#8221;2em&#8221; background_color=&#8221;#ffffff&#8221; custom_button=&#8221;on&#8221; button_text_size=&#8221;16px&#8221; button_text_color=&#8221;#7bbc20&#8243; button_border_width=&#8221;0px&#8221; button_border_radius=&#8221;0px&#8221; button_letter_spacing=&#8221;1px&#8221; button_font=&#8221;Roboto|700||on|||||&#8221; button_use_icon=&#8221;off&#8221; custom_margin=&#8221;||0px|&#8221; custom_padding=&#8221;0px|0px|80px|0px|false&#8221; auto=&#8221;on&#8221; body_font_size_tablet=&#8221;20px&#8221; body_font_size_phone=&#8221;14px&#8221; body_font_size_last_edited=&#8221;on|phone&#8221; button_border_radius_hover=&#8221;0px&#8221; button_letter_spacing_hover=&#8221;1px&#8221; button_text_size__hover_enabled=&#8221;off&#8221; button_one_text_size__hover_enabled=&#8221;off&#8221; button_two_text_size__hover_enabled=&#8221;off&#8221; button_text_color__hover_enabled=&#8221;off&#8221; button_one_text_color__hover_enabled=&#8221;off&#8221; button_two_text_color__hover_enabled=&#8221;off&#8221; button_border_width__hover_enabled=&#8221;off&#8221; button_one_border_width__hover_enabled=&#8221;off&#8221; button_two_border_width__hover_enabled=&#8221;off&#8221; button_border_color__hover_enabled=&#8221;off&#8221; button_one_border_color__hover_enabled=&#8221;off&#8221; button_two_border_color__hover_enabled=&#8221;off&#8221; button_border_radius__hover_enabled=&#8221;on&#8221; button_border_radius__hover=&#8221;0px&#8221; button_one_border_radius__hover_enabled=&#8221;off&#8221; button_two_border_radius__hover_enabled=&#8221;off&#8221; button_letter_spacing__hover_enabled=&#8221;on&#8221; button_letter_spacing__hover=&#8221;1px&#8221; button_one_letter_spacing__hover_enabled=&#8221;off&#8221; button_two_letter_spacing__hover_enabled=&#8221;off&#8221; button_bg_color__hover_enabled=&#8221;off&#8221; button_one_bg_color__hover_enabled=&#8221;off&#8221; button_two_bg_color__hover_enabled=&#8221;off&#8221;][et_pb_slide button_text=&#8221; Siehe Details&#8221; _builder_version=&#8221;4.3.1&#8243; body_font=&#8221;||||||||&#8221; background_layout=&#8221;light&#8221; button_text_size__hover_enabled=&#8221;off&#8221; button_one_text_size__hover_enabled=&#8221;off&#8221; button_two_text_size__hover_enabled=&#8221;off&#8221; button_text_color__hover_enabled=&#8221;off&#8221; button_one_text_color__hover_enabled=&#8221;off&#8221; button_two_text_color__hover_enabled=&#8221;off&#8221; button_border_width__hover_enabled=&#8221;off&#8221; button_one_border_width__hover_enabled=&#8221;off&#8221; button_two_border_width__hover_enabled=&#8221;off&#8221; button_border_color__hover_enabled=&#8221;off&#8221; button_one_border_color__hover_enabled=&#8221;off&#8221; button_two_border_color__hover_enabled=&#8221;off&#8221; button_border_radius__hover_enabled=&#8221;off&#8221; button_one_border_radius__hover_enabled=&#8221;off&#8221; button_two_border_radius__hover_enabled=&#8221;off&#8221; button_letter_spacing__hover_enabled=&#8221;off&#8221; button_one_letter_spacing__hover_enabled=&#8221;off&#8221; button_two_letter_spacing__hover_enabled=&#8221;off&#8221; button_bg_color__hover_enabled=&#8221;off&#8221; button_one_bg_color__hover_enabled=&#8221;off&#8221; button_two_bg_color__hover_enabled=&#8221;off&#8221;]<\/p>\n<p><span>Ich habe mich lange mit dem Thema Betonzaun besch\u00e4ftigt, und mir div. Angebote eingeholt. Das Angebot von Romazzzhaus hat mich am Ende \u00fcberzeugt. Der erste Kontakt mit Sonia war super freundlich und wir konnten alle Fragen die ich hatte kl\u00e4ren. Alle Termine und Absprachen wurden eingehalten, und Sonia war immer erreichbar, was ich sehr wichtig finde. Auch im Nachgang hat Sonia uns noch bei einem weiteren Projekte in unserem Haus unterst\u00fctzt . Auch alles ohne Probleme. So soll es sein, immer wieder gern ! D. Schade<\/span><\/p>\n<p>[\/et_pb_slide][et_pb_slide button_text=&#8221; Siehe Details&#8221; _builder_version=&#8221;4.3.1&#8243; body_font=&#8221;||||||||&#8221; background_layout=&#8221;light&#8221; button_text_size__hover_enabled=&#8221;off&#8221; button_one_text_size__hover_enabled=&#8221;off&#8221; button_two_text_size__hover_enabled=&#8221;off&#8221; button_text_color__hover_enabled=&#8221;off&#8221; button_one_text_color__hover_enabled=&#8221;off&#8221; button_two_text_color__hover_enabled=&#8221;off&#8221; button_border_width__hover_enabled=&#8221;off&#8221; button_one_border_width__hover_enabled=&#8221;off&#8221; button_two_border_width__hover_enabled=&#8221;off&#8221; button_border_color__hover_enabled=&#8221;off&#8221; button_one_border_color__hover_enabled=&#8221;off&#8221; button_two_border_color__hover_enabled=&#8221;off&#8221; button_border_radius__hover_enabled=&#8221;off&#8221; button_one_border_radius__hover_enabled=&#8221;off&#8221; button_two_border_radius__hover_enabled=&#8221;off&#8221; button_letter_spacing__hover_enabled=&#8221;off&#8221; button_one_letter_spacing__hover_enabled=&#8221;off&#8221; button_two_letter_spacing__hover_enabled=&#8221;off&#8221; button_bg_color__hover_enabled=&#8221;off&#8221; button_one_bg_color__hover_enabled=&#8221;off&#8221; button_two_bg_color__hover_enabled=&#8221;off&#8221;]<\/p>\n<p><span>&#8221; Es war eine sympatischer Kontakt zu Euch. Ich werde euch jederzeit weiterempfahlen und sollte Ich noch einen Zaun brauchen rufe Ich Euch an. Danke sch\u00f6n f\u00fcr alles! Sabine aus Berlin<\/span><\/p>\n<p>[\/et_pb_slide][\/et_pb_slider][\/et_pb_column][\/et_pb_row][\/et_pb_section][et_pb_section fb_built=&#8221;1&#8243; admin_label=&#8221;Footer&#8221; _builder_version=&#8221;4.3.1&#8243; background_color=&#8221;#91a52e&#8221; background_enable_image=&#8221;off&#8221; custom_padding=&#8221;100px||100px||true|false&#8221;][et_pb_row column_structure=&#8221;2_3,1_3&#8243; _builder_version=&#8221;3.25&#8243;][et_pb_column type=&#8221;2_3&#8243; _builder_version=&#8221;3.25&#8243; custom_padding=&#8221;|||&#8221; custom_padding__hover=&#8221;|||&#8221;][et_pb_contact_form email=&#8221;kontakt@sn-metallbeton.com&#8221; success_message=&#8221;Success!&#8221; submit_button_text=&#8221;Senden Sie uns Ihrr Anfrage&#8221; module_id=&#8221;et_pb_contact_form_1&#8243; _builder_version=&#8221;4.3.4&#8243; form_field_background_color=&#8221;rgba(0,0,0,0)&#8221; form_field_text_color=&#8221;#ffffff&#8221; form_field_font=&#8221;Open Sans||||||||&#8221; form_field_font_size=&#8221;16px&#8221; form_field_line_height=&#8221;2em&#8221; custom_button=&#8221;on&#8221; button_text_size=&#8221;16px&#8221; button_text_color=&#8221;#ffffff&#8221; button_border_width=&#8221;0px&#8221; button_border_radius=&#8221;0px&#8221; button_letter_spacing=&#8221;1px&#8221; button_font=&#8221;Roboto|700||on|||||&#8221; button_use_icon=&#8221;off&#8221; border_width_all=&#8221;2px&#8221; border_color_all=&#8221;rgba(255,255,255,0.4)&#8221; form_background_color=&#8221;rgba(0,0,0,0)&#8221; button_border_radius_hover=&#8221;0px&#8221; button_letter_spacing_hover=&#8221;1px&#8221;][et_pb_contact_field field_id=&#8221;Name&#8221; field_title=&#8221;Name&#8221; _builder_version=&#8221;3.16&#8243; button_text_size__hover_enabled=&#8221;off&#8221; button_one_text_size__hover_enabled=&#8221;off&#8221; button_two_text_size__hover_enabled=&#8221;off&#8221; button_text_color__hover_enabled=&#8221;off&#8221; button_one_text_color__hover_enabled=&#8221;off&#8221; button_two_text_color__hover_enabled=&#8221;off&#8221; button_border_width__hover_enabled=&#8221;off&#8221; button_one_border_width__hover_enabled=&#8221;off&#8221; button_two_border_width__hover_enabled=&#8221;off&#8221; button_border_color__hover_enabled=&#8221;off&#8221; button_one_border_color__hover_enabled=&#8221;off&#8221; button_two_border_color__hover_enabled=&#8221;off&#8221; button_border_radius__hover_enabled=&#8221;off&#8221; button_one_border_radius__hover_enabled=&#8221;off&#8221; button_two_border_radius__hover_enabled=&#8221;off&#8221; button_letter_spacing__hover_enabled=&#8221;off&#8221; button_one_letter_spacing__hover_enabled=&#8221;off&#8221; button_two_letter_spacing__hover_enabled=&#8221;off&#8221; button_bg_color__hover_enabled=&#8221;off&#8221; button_one_bg_color__hover_enabled=&#8221;off&#8221; button_two_bg_color__hover_enabled=&#8221;off&#8221;][\/et_pb_contact_field][et_pb_contact_field field_id=&#8221;Email&#8221; field_title=&#8221;Email Addresse&#8221; field_type=&#8221;email&#8221; _builder_version=&#8221;4.3.1&#8243; button_text_size__hover_enabled=&#8221;off&#8221; button_one_text_size__hover_enabled=&#8221;off&#8221; button_two_text_size__hover_enabled=&#8221;off&#8221; button_text_color__hover_enabled=&#8221;off&#8221; button_one_text_color__hover_enabled=&#8221;off&#8221; button_two_text_color__hover_enabled=&#8221;off&#8221; button_border_width__hover_enabled=&#8221;off&#8221; button_one_border_width__hover_enabled=&#8221;off&#8221; button_two_border_width__hover_enabled=&#8221;off&#8221; button_border_color__hover_enabled=&#8221;off&#8221; button_one_border_color__hover_enabled=&#8221;off&#8221; button_two_border_color__hover_enabled=&#8221;off&#8221; button_border_radius__hover_enabled=&#8221;off&#8221; button_one_border_radius__hover_enabled=&#8221;off&#8221; button_two_border_radius__hover_enabled=&#8221;off&#8221; button_letter_spacing__hover_enabled=&#8221;off&#8221; button_one_letter_spacing__hover_enabled=&#8221;off&#8221; button_two_letter_spacing__hover_enabled=&#8221;off&#8221; button_bg_color__hover_enabled=&#8221;off&#8221; button_one_bg_color__hover_enabled=&#8221;off&#8221; button_two_bg_color__hover_enabled=&#8221;off&#8221;][\/et_pb_contact_field][et_pb_contact_field field_id=&#8221;Message&#8221; field_title=&#8221;Angebot&#8221; field_type=&#8221;text&#8221; fullwidth_field=&#8221;on&#8221; _builder_version=&#8221;4.3.1&#8243; button_text_size__hover_enabled=&#8221;off&#8221; button_one_text_size__hover_enabled=&#8221;off&#8221; button_two_text_size__hover_enabled=&#8221;off&#8221; button_text_color__hover_enabled=&#8221;off&#8221; button_one_text_color__hover_enabled=&#8221;off&#8221; button_two_text_color__hover_enabled=&#8221;off&#8221; button_border_width__hover_enabled=&#8221;off&#8221; button_one_border_width__hover_enabled=&#8221;off&#8221; button_two_border_width__hover_enabled=&#8221;off&#8221; button_border_color__hover_enabled=&#8221;off&#8221; button_one_border_color__hover_enabled=&#8221;off&#8221; button_two_border_color__hover_enabled=&#8221;off&#8221; button_border_radius__hover_enabled=&#8221;off&#8221; button_one_border_radius__hover_enabled=&#8221;off&#8221; button_two_border_radius__hover_enabled=&#8221;off&#8221; button_letter_spacing__hover_enabled=&#8221;off&#8221; button_one_letter_spacing__hover_enabled=&#8221;off&#8221; button_two_letter_spacing__hover_enabled=&#8221;off&#8221; button_bg_color__hover_enabled=&#8221;off&#8221; button_one_bg_color__hover_enabled=&#8221;off&#8221; button_two_bg_color__hover_enabled=&#8221;off&#8221;][\/et_pb_contact_field][\/et_pb_contact_form][\/et_pb_column][et_pb_column type=&#8221;1_3&#8243; _builder_version=&#8221;3.25&#8243; custom_padding=&#8221;|||&#8221; custom_padding__hover=&#8221;|||&#8221;][et_pb_blurb title=&#8221;Adresse&#8221; use_icon=&#8221;on&#8221; font_icon=&#8221;%%249%%&#8221; icon_color=&#8221;#ffffff&#8221; icon_placement=&#8221;left&#8221; content_max_width=&#8221;1100px&#8221; _builder_version=&#8221;4.3.4&#8243; header_font=&#8221;|800||on|||||&#8221; header_font_size=&#8221;16px&#8221; header_letter_spacing=&#8221;0.5px&#8221; header_line_height=&#8221;1.7em&#8221; body_font=&#8221;Open Sans||||||||&#8221; body_line_height=&#8221;2em&#8221; background_layout=&#8221;dark&#8221; locked=&#8221;off&#8221;]<\/p>\n<p>Breiteweg 60, 39435 Egeln<\/p>\n<p>[\/et_pb_blurb][et_pb_blurb title=&#8221;\u00d6ffnungszeit&#8221; use_icon=&#8221;on&#8221; font_icon=&#8221;%%236%%&#8221; icon_color=&#8221;#ffffff&#8221; icon_placement=&#8221;left&#8221; content_max_width=&#8221;1100px&#8221; _builder_version=&#8221;4.3.4&#8243; header_font=&#8221;|800||on|||||&#8221; header_font_size=&#8221;16px&#8221; header_letter_spacing=&#8221;0.5px&#8221; header_line_height=&#8221;1.7em&#8221; body_font=&#8221;Open Sans||||||||&#8221; body_line_height=&#8221;2em&#8221; background_layout=&#8221;dark&#8221; locked=&#8221;off&#8221;]<\/p>\n<p>Do \u2013 Fr 12:00 \u2013 20:00<br \/>Sam 10:00 \u2013 16:00<\/p>\n<p>[\/et_pb_blurb][et_pb_blurb title=&#8221;Email&#8221; use_icon=&#8221;on&#8221; font_icon=&#8221;%%238%%&#8221; icon_color=&#8221;#ffffff&#8221; icon_placement=&#8221;left&#8221; content_max_width=&#8221;1100px&#8221; _builder_version=&#8221;4.3.1&#8243; header_font=&#8221;|800||on|||||&#8221; header_font_size=&#8221;16px&#8221; header_letter_spacing=&#8221;0.5px&#8221; header_line_height=&#8221;1.7em&#8221; body_font=&#8221;Open Sans||||||||&#8221; body_line_height=&#8221;2em&#8221; background_layout=&#8221;dark&#8221; locked=&#8221;off&#8221;]<\/p>\n<p>kontakt@sn-metallbeton.com<\/p>\n<p>[\/et_pb_blurb][\/et_pb_column][\/et_pb_row][\/et_pb_section][et_pb_section fb_built=&#8221;1&#8243; _builder_version=&#8221;4.3.1&#8243;][et_pb_row column_structure=&#8221;1_3,1_3,1_3&#8243; _builder_version=&#8221;4.3.1&#8243;][et_pb_column type=&#8221;1_3&#8243; _builder_version=&#8221;4.3.1&#8243;][et_pb_image src=&#8221;http:\/\/sn-metallbeton.com\/wp-content\/uploads\/2020\/02\/senmet-logo.jpg&#8221; url=&#8221;http:\/\/senmet.de\/&#8221; align=&#8221;center&#8221; _builder_version=&#8221;4.3.1&#8243;][\/et_pb_image][\/et_pb_column][et_pb_column type=&#8221;1_3&#8243; _builder_version=&#8221;4.3.1&#8243;][et_pb_image src=&#8221;http:\/\/sn-metallbeton.com\/wp-content\/uploads\/2020\/02\/logo_nice-150&#215;150.png&#8221; url=&#8221;https:\/\/www.nice.pl\/&#8221; align=&#8221;center&#8221; _builder_version=&#8221;4.3.1&#8243;][\/et_pb_image][\/et_pb_column][et_pb_column type=&#8221;1_3&#8243; _builder_version=&#8221;4.3.1&#8243;][et_pb_image src=&#8221;http:\/\/sn-metallbeton.com\/wp-content\/uploads\/2020\/02\/logobft.jpg&#8221; url=&#8221;https:\/\/www.bft-automation.com\/pl_PL\/&#8221; align=&#8221;center&#8221; _builder_version=&#8221;4.3.1&#8243;][\/et_pb_image][\/et_pb_column][\/et_pb_row][\/et_pb_section]<\/p>\n","protected":false},"excerpt":{"rendered":"<p>[et_pb_section fb_built=&#8221;1&#8243; _builder_version=&#8221;4.3.1&#8243;][et_pb_row column_structure=&#8221;1_2,1_2&#8243; module_id=&#8221;onas&#8221; _builder_version=&#8221;4.3.1&#8243;][et_pb_column type=&#8221;1_2&#8243; _builder_version=&#8221;4.3.1&#8243;][et_pb_image src=&#8221;http:\/\/sn-metallbeton.com\/wp-content\/uploads\/2020\/02\/15-768&#215;1024.jpg&#8221; _builder_version=&#8221;4.3.1&#8243;][\/et_pb_image][\/et_pb_column][et_pb_column type=&#8221;1_2&#8243; _builder_version=&#8221;4.3.1&#8243;][et_pb_text _builder_version=&#8221;4.3.1&#8243;] Wir \u00fcber uns&#8230; SN-Betonzaun ist eine Familienfirma, die auf dem metallurgischen Markt seit 2000 besteht. Sie entstand in einem kleinen Grenzort Witnica (100km von Frankfurt (Oder). Angefangen mit Herstellung von einfachen Metallz\u00e4unen kamen wir zum Moment der Herstellung von modernen Zaunsystemen. Unsere [&hellip;]<\/p>\n","protected":false},"author":2,"featured_media":0,"parent":0,"menu_order":0,"comment_status":"closed","ping_status":"closed","template":"","meta":{"_et_pb_use_builder":"on","_et_pb_old_content":"","_et_gb_content_width":""},"_links":{"self":[{"href":"http:\/\/sn-metallbeton.com\/index.php\/wp-json\/wp\/v2\/pages\/666"}],"collection":[{"href":"http:\/\/sn-metallbeton.com\/index.php\/wp-json\/wp\/v2\/pages"}],"about":[{"href":"http:\/\/sn-metallbeton.com\/index.php\/wp-json\/wp\/v2\/types\/page"}],"author":[{"embeddable":true,"href":"http:\/\/sn-metallbeton.com\/index.php\/wp-json\/wp\/v2\/users\/2"}],"replies":[{"embeddable":true,"href":"http:\/\/sn-metallbeton.com\/index.php\/wp-json\/wp\/v2\/comments?post=666"}],"version-history":[{"count":11,"href":"http:\/\/sn-metallbeton.com\/index.php\/wp-json\/wp\/v2\/pages\/666\/revisions"}],"predecessor-version":[{"id":1127,"href":"http:\/\/sn-metallbeton.com\/index.php\/wp-json\/wp\/v2\/pages\/666\/revisions\/1127"}],"wp:attachment":[{"href":"http:\/\/sn-metallbeton.com\/index.php\/wp-json\/wp\/v2\/media?parent=666"}],"curies":[{"name":"wp","href":"https:\/\/api.w.org\/{rel}","templated":true}]}}